{"id":453,"date":"2022-05-02T21:40:21","date_gmt":"2022-05-02T21:40:21","guid":{"rendered":"https:\/\/reflexosdalma.com\/?page_id=453"},"modified":"2022-07-26T11:10:00","modified_gmt":"2022-07-26T11:10:00","slug":"politica-de-cookies","status":"publish","type":"page","link":"https:\/\/reflexosdalma.com\/en\/politica-de-cookies\/","title":{"rendered":"Cookies"},"content":{"rendered":"<div data-elementor-type=\"wp-page\" data-elementor-id=\"453\" class=\"elementor elementor-453\" data-elementor-post-type=\"page\">\n\t\t\t\t\t\t<section class=\"elementor-section elementor-top-section elementor-element elementor-element-0093bbc elementor-section-boxed elementor-section-height-default elementor-section-height-default\" data-id=\"0093bbc\" data-element_type=\"section\" data-e-type=\"section\">\n\t\t\t\t\t\t<div class=\"elementor-container elementor-column-gap-default\">\n\t\t\t\t\t<div class=\"elementor-column elementor-col-100 elementor-top-column elementor-element elementor-element-d2ba227\" data-id=\"d2ba227\" data-element_type=\"column\" data-e-type=\"column\">\n\t\t\t<div class=\"elementor-widget-wrap elementor-element-populated\">\n\t\t\t\t\t\t<div class=\"elementor-element elementor-element-4778768 elementor-widget elementor-widget-text-editor\" data-id=\"4778768\" data-element_type=\"widget\" data-e-type=\"widget\" data-widget_type=\"text-editor.default\">\n\t\t\t\t\t\t\t\t\t<p class=\"selectable-text copyable-text\"><span class=\"selectable-text copyable-text\">Cookies<\/span><\/p>\n<p class=\"selectable-text copyable-text\"><span class=\"selectable-text copyable-text\">Sobre esta pol\u00edtica de cookies<\/span><\/p>\n<p class=\"selectable-text copyable-text\"><span class=\"selectable-text copyable-text\">Esta Pol\u00edtica de Cookies explica o que s\u00e3o cookies e como os usamos. Voc\u00ea deve ler esta pol\u00edtica para<\/span><span class=\"selectable-text copyable-text\"> entender o que s\u00e3o cookies, como os usamos, os tipos de cookies que usamos, ou seja, as informa\u00e7\u00f5es que coletamos usando cookies e como essas informa\u00e7\u00f5es s\u00e3o usadas e como controlar as prefer\u00eancias<\/span><span class=\"selectable-text copyable-text\"> de cookies. Para mais informa\u00e7\u00f5es sobre como usamos, armazenamos e mantemos seus dados pessoais seguros, consulte nossa Pol\u00edtica de Privacidade. Pode, a qualquer momento, alterar ou retirar seu<\/span><span class=\"selectable-text copyable-text\"> consentimento da Declara\u00e7\u00e3o de Cookies em nosso site. Saiba mais sobre quem somos, como voc\u00ea pode entrar em contato conosco e como processamos dados pessoais na nossa Pol\u00edtica de Privacidade. <br \/><\/span><\/p>\n<p class=\"selectable-text copyable-text\"><span class=\"selectable-text copyable-text\">O seu<\/span><span class=\"selectable-text copyable-text\"> consentimento aplica-se aos seguintes dom\u00ednios: reflexosdalma.com<\/span><\/p>\n<p class=\"selectable-text copyable-text\"><span class=\"selectable-text copyable-text\">O seu estado actual: N\u00e3o foi dado consentimento. Gerir o seu consentimento.<\/span><\/p>\n<p class=\"selectable-text copyable-text\"><span class=\"selectable-text copyable-text\">O que s\u00e3o cookies?<\/span><\/p>\n<p class=\"selectable-text copyable-text\"><span class=\"selectable-text copyable-text\">Cookies s\u00e3o pequenos arquivos de texto usados para armazenar pequenas informa\u00e7\u00f5es. Os cookies s\u00e3o<\/span><span class=\"selectable-text copyable-text\"> armazenados no seu dispositivo quando o site \u00e9 carregado no seu navegador. Estes cookies ajudam a fazer com que o site funcione corretamente, a torn\u00e1-lo mais seguro, proporcionar uma melhor experi\u00eancia do utilizador, a entender como o site funciona, a analisar o que funciona e onde precisa ser<\/span><span class=\"selectable-text copyable-text\"> aprimorado.<\/span><\/p>\n<p class=\"selectable-text copyable-text\"><span class=\"selectable-text copyable-text\">Como usamos as cookies?<\/span><\/p>\n<p class=\"selectable-text copyable-text\"><span class=\"selectable-text copyable-text\">Como a maioria dos servi\u00e7os on-line, o nosso site usa cookies de terceiros para diversas finalidades. Os<\/span><span class=\"selectable-text copyable-text\"> cookies prim\u00e1rios s\u00e3o principalmente necess\u00e1rios para que o site funcione da maneira correta e n\u00e3o<\/span><span class=\"selectable-text copyable-text\"> recolhem nenhum dos seus dados de identifica\u00e7\u00e3o pessoal.<\/span><\/p>\n<p class=\"selectable-text copyable-text\"><span class=\"selectable-text copyable-text\">Os cookies de terceiros usados no nosso sites s\u00e3o usados principalmente para entender o desempenho<\/span><span class=\"selectable-text copyable-text\"> do site, como interage com nosso site e manter o site seguro, fornece an\u00fancios relevantes para si e, em geral, fornece uma melhor e melhorada experi\u00eancia para o utilizador e a acelerar as suas futuras<\/span><span class=\"selectable-text copyable-text\"> intera\u00e7\u00f5es com o nosso site.<\/span><\/p>\n<p class=\"selectable-text copyable-text\"><span class=\"selectable-text copyable-text\">Que tipos de cookies usamos?<\/span><\/p>\n<p class=\"selectable-text copyable-text\"><span class=\"selectable-text copyable-text\">Essencial: alguns cookies s\u00e3o essenciais para que possa experimentar todas as funcionalidades do nosso<\/span><span class=\"selectable-text copyable-text\"> site. Permitem-nos manter sess\u00f5es de utilizadores e evitar amea\u00e7as \u00e0 seguran\u00e7a. N\u00e3o recolhem ou armazenam nenhuma informa\u00e7\u00e3o pessoal. Por exemplo, esses cookies permitem que fa\u00e7a login na sua<\/span><span class=\"selectable-text copyable-text\"> conta e adicione produtos ou fa\u00e7a uma reserva e fa\u00e7a o checkout com seguran\u00e7a.<\/span><\/p>\n<p class=\"selectable-text copyable-text\"><span class=\"selectable-text copyable-text\">Estat\u00edsticas: estes cookies armazenam informa\u00e7\u00f5es como o n\u00famero de visitantes do site, o n\u00famero de<\/span><span class=\"selectable-text copyable-text\"> visitantes \u00fanicos, quais p\u00e1ginas do site foram visitadas, a fonte da visita etc. Esses dados ajudam-nos a<\/span><span class=\"selectable-text copyable-text\"> entender e analisar o desempenho e desempenho do site e onde precisa de melhorias.<\/span><\/p>\n<p class=\"selectable-text copyable-text\"><span class=\"selectable-text copyable-text\">Marketing: O nosso site faz an\u00fancios. Estes cookies s\u00e3o usados para personalizar os an\u00fancios que<\/span><span class=\"selectable-text copyable-text\"> mostramos para si e para que sejam significativos. Esses cookies tamb\u00e9m nos ajudam a acompanhar a efici\u00eancia dessas campanhas publicit\u00e1rias. As informa\u00e7\u00f5es armazenadas nesses cookies tamb\u00e9m podem<\/span><span class=\"selectable-text copyable-text\"> ser usadas por fornecedores de an\u00fancios terceirizados para mostrar an\u00fancios em outros sites tamb\u00e9m no navegador.<\/span><\/p>\n<p class=\"selectable-text copyable-text\"><span class=\"selectable-text copyable-text\">Funcionais: estes s\u00e3o os cookies que ajudam em certas funcionalidades n\u00e3o essenciais no nosso site.<\/span><\/p>\n<p class=\"selectable-text copyable-text\"><span class=\"selectable-text copyable-text\">Essas funcionalidades incluem incorporar conte\u00fado como v\u00eddeos ou compartilhar conte\u00fado no site nas<\/span><span class=\"selectable-text copyable-text\"> plataformas de redes sociais.<\/span><\/p>\n<p class=\"selectable-text copyable-text\"><span class=\"selectable-text copyable-text\">Prefer\u00eancias: esses cookies nos ajudam a armazenar suas configura\u00e7\u00f5es e prefer\u00eancias de navega\u00e7\u00e3o,<\/span><span class=\"selectable-text copyable-text\"> como prefer\u00eancias de idioma, para que voc\u00ea tenha uma experi\u00eancia melhor e eficiente em futuras visitas.<\/span><\/p>\n<p class=\"selectable-text copyable-text\"><span class=\"selectable-text copyable-text\">A lista abaixo detalha os cookies usados em nosso site.<\/span><\/p>\n<p class=\"selectable-text copyable-text\"><span class=\"selectable-text copyable-text\">COOKIE DESCRI\u00c7\u00c3O<\/span><\/p>\n<p class=\"selectable-text copyable-text\"><span class=\"selectable-text copyable-text\">Facebook &#8211; Usamos plugins e integra\u00e7\u00f5es do facebook \u00e0s nossas p\u00e1ginas, bem como an\u00fancios. Mais<\/span><span class=\"selectable-text copyable-text\"> informa\u00e7\u00e3o aqui https:\/\/www.facebook.com\/privacy\/explanation\/<\/span><\/p>\n<p class=\"selectable-text copyable-text\"><span class=\"selectable-text copyable-text\">Google &#8211; Usamos plugins do Google para fins estat\u00edsticos, an\u00fancios e para fins de protec\u00e7\u00e3o ati-spam.<\/span><\/p>\n<p class=\"selectable-text copyable-text\"><span class=\"selectable-text copyable-text\">Politica de Privacidade<\/span><\/p>\n<p class=\"selectable-text copyable-text\"><span class=\"selectable-text copyable-text\">Youtube &#8211; Usamos plugins desta rede social para integra\u00e7\u00f5es de v\u00eddeos e das nossas p\u00e1ginas<\/span><\/p>\n<p class=\"selectable-text copyable-text\"><span class=\"selectable-text copyable-text\">Como posso controlar as prefer\u00eancias de cookies?<\/span><\/p>\n<p class=\"selectable-text copyable-text\"><span class=\"selectable-text copyable-text\">Se voc\u00ea decidir alterar suas prefer\u00eancias posteriormente na sess\u00e3o de navega\u00e7\u00e3o, clique na guia<\/span><span class=\"selectable-text copyable-text\"> \u201cPol\u00edtica de Privacidade e Cookies\u201d no ecr\u00e3. Isso exibir\u00e1 o aviso de consentimento novamente, permitindo que altere as suas prefer\u00eancias ou retire o seu consentimento completamente.<\/span><\/p>\n<p class=\"selectable-text copyable-text\"><span class=\"selectable-text copyable-text\">Al\u00e9m disso, navegadores diferentes fornecem m\u00e9todos diferentes para bloquear e excluir cookies<\/span><span class=\"selectable-text copyable-text\"> usados pelos sites. Pode alterar as configura\u00e7\u00f5es do seu navegador para bloquear \/ excluir os cookies.<\/span><\/p>\n<p><\/p>\t\t\t\t\t\t\t\t<\/div>\n\t\t\t\t\t<\/div>\n\t\t<\/div>\n\t\t\t\t\t<\/div>\n\t\t<\/section>\n\t\t\t\t<\/div>","protected":false},"excerpt":{"rendered":"<p>Pol\u00edtica de Cookies Sobre esta pol\u00edtica de cookies Esta Pol\u00edtica de Cookies explica o que s\u00e3o cookies e como os usamos. Voc\u00ea deve ler esta pol\u00edtica para entender o que s\u00e3o cookies, como os usamos, os tipos de cookies que usamos, ou seja, as informa\u00e7\u00f5es que coletamos usando cookies e como essas informa\u00e7\u00f5es s\u00e3o usadas [&hellip;]<\/p>\n","protected":false},"author":2,"featured_media":0,"parent":0,"menu_order":0,"comment_status":"closed","ping_status":"closed","template":"elementor_header_footer","meta":{"ocean_post_layout":"","ocean_both_sidebars_style":"","ocean_both_sidebars_content_width":0,"ocean_both_sidebars_sidebars_width":0,"ocean_sidebar":"","ocean_second_sidebar":"","ocean_disable_margins":"enable","ocean_add_body_class":"","ocean_shortcode_before_top_bar":"","ocean_shortcode_after_top_bar":"","ocean_shortcode_before_header":"","ocean_shortcode_after_header":"","ocean_has_shortcode":"","ocean_shortcode_after_title":"","ocean_shortcode_before_footer_widgets":"","ocean_shortcode_after_footer_widgets":"","ocean_shortcode_before_footer_bottom":"","ocean_shortcode_after_footer_bottom":"","ocean_display_top_bar":"default","ocean_display_header":"default","ocean_header_style":"","ocean_center_header_left_menu":"","ocean_custom_header_template":"","ocean_custom_logo":0,"ocean_custom_retina_logo":0,"ocean_custom_logo_max_width":0,"ocean_custom_logo_tablet_max_width":0,"ocean_custom_logo_mobile_max_width":0,"ocean_custom_logo_max_height":0,"ocean_custom_logo_tablet_max_height":0,"ocean_custom_logo_mobile_max_height":0,"ocean_header_custom_menu":"","ocean_menu_typo_font_family":"","ocean_menu_typo_font_subset":"","ocean_menu_typo_font_size":0,"ocean_menu_typo_font_size_tablet":0,"ocean_menu_typo_font_size_mobile":0,"ocean_menu_typo_font_size_unit":"px","ocean_menu_typo_font_weight":"","ocean_menu_typo_font_weight_tablet":"","ocean_menu_typo_font_weight_mobile":"","ocean_menu_typo_transform":"","ocean_menu_typo_transform_tablet":"","ocean_menu_typo_transform_mobile":"","ocean_menu_typo_line_height":0,"ocean_menu_typo_line_height_tablet":0,"ocean_menu_typo_line_height_mobile":0,"ocean_menu_typo_line_height_unit":"","ocean_menu_typo_spacing":0,"ocean_menu_typo_spacing_tablet":0,"ocean_menu_typo_spacing_mobile":0,"ocean_menu_typo_spacing_unit":"","ocean_menu_link_color":"","ocean_menu_link_color_hover":"","ocean_menu_link_color_active":"","ocean_menu_link_background":"","ocean_menu_link_hover_background":"","ocean_menu_link_active_background":"","ocean_menu_social_links_bg":"","ocean_menu_social_hover_links_bg":"","ocean_menu_social_links_color":"","ocean_menu_social_hover_links_color":"","ocean_disable_title":"default","ocean_disable_heading":"default","ocean_post_title":"","ocean_post_subheading":"","ocean_post_title_style":"","ocean_post_title_background_color":"","ocean_post_title_background":0,"ocean_post_title_bg_image_position":"","ocean_post_title_bg_image_attachment":"","ocean_post_title_bg_image_repeat":"","ocean_post_title_bg_image_size":"","ocean_post_title_height":0,"ocean_post_title_bg_overlay":0.5,"ocean_post_title_bg_overlay_color":"","ocean_disable_breadcrumbs":"default","ocean_breadcrumbs_color":"","ocean_breadcrumbs_separator_color":"","ocean_breadcrumbs_links_color":"","ocean_breadcrumbs_links_hover_color":"","ocean_display_footer_widgets":"default","ocean_display_footer_bottom":"default","ocean_custom_footer_template":"","footnotes":""},"class_list":["post-453","page","type-page","status-publish","hentry","entry"],"yoast_head":"<!-- This site is optimized with the Yoast SEO plugin v27.4 - https:\/\/yoast.com\/product\/yoast-seo-wordpress\/ -->\n<title>Pol\u00edtica de Cookies - Reflexos da Alma<\/title>\n<meta name=\"robots\" content=\"index, follow, max-snippet:-1, max-image-preview:large, max-video-preview:-1\" \/>\n<link rel=\"canonical\" href=\"https:\/\/reflexosdalma.com\/en\/politica-de-cookies\/\" \/>\n<meta property=\"og:locale\" content=\"en_GB\" \/>\n<meta property=\"og:type\" content=\"article\" \/>\n<meta property=\"og:title\" content=\"Pol\u00edtica de Cookies - Reflexos da Alma\" \/>\n<meta property=\"og:description\" content=\"Pol\u00edtica de Cookies Sobre esta pol\u00edtica de cookies Esta Pol\u00edtica de Cookies explica o que s\u00e3o cookies e como os usamos. Voc\u00ea deve ler esta pol\u00edtica para entender o que s\u00e3o cookies, como os usamos, os tipos de cookies que usamos, ou seja, as informa\u00e7\u00f5es que coletamos usando cookies e como essas informa\u00e7\u00f5es s\u00e3o usadas [&hellip;]\" \/>\n<meta property=\"og:url\" content=\"https:\/\/reflexosdalma.com\/en\/politica-de-cookies\/\" \/>\n<meta property=\"og:site_name\" content=\"Reflexos da Alma\" \/>\n<meta property=\"article:publisher\" content=\"https:\/\/www.facebook.com\/reflexosdalmaturismo\" \/>\n<meta property=\"article:modified_time\" content=\"2022-07-26T11:10:00+00:00\" \/>\n<meta name=\"twitter:card\" content=\"summary_large_image\" \/>\n<meta name=\"twitter:label1\" content=\"Estimated reading time\" \/>\n\t<meta name=\"twitter:data1\" content=\"4 minutes\" \/>\n<script type=\"application\/ld+json\" class=\"yoast-schema-graph\">{\"@context\":\"https:\\\/\\\/schema.org\",\"@graph\":[{\"@type\":\"WebPage\",\"@id\":\"https:\\\/\\\/reflexosdalma.com\\\/politica-de-cookies\\\/\",\"url\":\"https:\\\/\\\/reflexosdalma.com\\\/politica-de-cookies\\\/\",\"name\":\"Pol\u00edtica de Cookies - Reflexos da Alma\",\"isPartOf\":{\"@id\":\"https:\\\/\\\/reflexosdalma.com\\\/#website\"},\"datePublished\":\"2022-05-02T21:40:21+00:00\",\"dateModified\":\"2022-07-26T11:10:00+00:00\",\"breadcrumb\":{\"@id\":\"https:\\\/\\\/reflexosdalma.com\\\/politica-de-cookies\\\/#breadcrumb\"},\"inLanguage\":\"en-GB\",\"potentialAction\":[{\"@type\":\"ReadAction\",\"target\":[\"https:\\\/\\\/reflexosdalma.com\\\/politica-de-cookies\\\/\"]}]},{\"@type\":\"BreadcrumbList\",\"@id\":\"https:\\\/\\\/reflexosdalma.com\\\/politica-de-cookies\\\/#breadcrumb\",\"itemListElement\":[{\"@type\":\"ListItem\",\"position\":1,\"name\":\"Home\",\"item\":\"https:\\\/\\\/reflexosdalma.com\\\/\"},{\"@type\":\"ListItem\",\"position\":2,\"name\":\"Pol\u00edtica de Cookies\"}]},{\"@type\":\"WebSite\",\"@id\":\"https:\\\/\\\/reflexosdalma.com\\\/#website\",\"url\":\"https:\\\/\\\/reflexosdalma.com\\\/\",\"name\":\"Reflexos d'Alma\",\"description\":\"turismo-rural\",\"publisher\":{\"@id\":\"https:\\\/\\\/reflexosdalma.com\\\/#organization\"},\"potentialAction\":[{\"@type\":\"SearchAction\",\"target\":{\"@type\":\"EntryPoint\",\"urlTemplate\":\"https:\\\/\\\/reflexosdalma.com\\\/?s={search_term_string}\"},\"query-input\":{\"@type\":\"PropertyValueSpecification\",\"valueRequired\":true,\"valueName\":\"search_term_string\"}}],\"inLanguage\":\"en-GB\"},{\"@type\":\"Organization\",\"@id\":\"https:\\\/\\\/reflexosdalma.com\\\/#organization\",\"name\":\"Reflexos d'Alma Lda.\",\"url\":\"https:\\\/\\\/reflexosdalma.com\\\/\",\"logo\":{\"@type\":\"ImageObject\",\"inLanguage\":\"en-GB\",\"@id\":\"https:\\\/\\\/reflexosdalma.com\\\/#\\\/schema\\\/logo\\\/image\\\/\",\"url\":\"https:\\\/\\\/reflexosdalma.com\\\/wp-content\\\/uploads\\\/2022\\\/07\\\/cropped-logo.png\",\"contentUrl\":\"https:\\\/\\\/reflexosdalma.com\\\/wp-content\\\/uploads\\\/2022\\\/07\\\/cropped-logo.png\",\"width\":390,\"height\":107,\"caption\":\"Reflexos d'Alma Lda.\"},\"image\":{\"@id\":\"https:\\\/\\\/reflexosdalma.com\\\/#\\\/schema\\\/logo\\\/image\\\/\"},\"sameAs\":[\"https:\\\/\\\/www.facebook.com\\\/reflexosdalmaturismo\"]}]}<\/script>\n<!-- \/ Yoast SEO plugin. -->","yoast_head_json":{"title":"Pol\u00edtica de Cookies - Reflexos da Alma","robots":{"index":"index","follow":"follow","max-snippet":"max-snippet:-1","max-image-preview":"max-image-preview:large","max-video-preview":"max-video-preview:-1"},"canonical":"https:\/\/reflexosdalma.com\/en\/politica-de-cookies\/","og_locale":"en_GB","og_type":"article","og_title":"Pol\u00edtica de Cookies - Reflexos da Alma","og_description":"Pol\u00edtica de Cookies Sobre esta pol\u00edtica de cookies Esta Pol\u00edtica de Cookies explica o que s\u00e3o cookies e como os usamos. Voc\u00ea deve ler esta pol\u00edtica para entender o que s\u00e3o cookies, como os usamos, os tipos de cookies que usamos, ou seja, as informa\u00e7\u00f5es que coletamos usando cookies e como essas informa\u00e7\u00f5es s\u00e3o usadas [&hellip;]","og_url":"https:\/\/reflexosdalma.com\/en\/politica-de-cookies\/","og_site_name":"Reflexos da Alma","article_publisher":"https:\/\/www.facebook.com\/reflexosdalmaturismo","article_modified_time":"2022-07-26T11:10:00+00:00","twitter_card":"summary_large_image","twitter_misc":{"Estimated reading time":"4 minutes"},"schema":{"@context":"https:\/\/schema.org","@graph":[{"@type":"WebPage","@id":"https:\/\/reflexosdalma.com\/politica-de-cookies\/","url":"https:\/\/reflexosdalma.com\/politica-de-cookies\/","name":"Pol\u00edtica de Cookies - Reflexos da Alma","isPartOf":{"@id":"https:\/\/reflexosdalma.com\/#website"},"datePublished":"2022-05-02T21:40:21+00:00","dateModified":"2022-07-26T11:10:00+00:00","breadcrumb":{"@id":"https:\/\/reflexosdalma.com\/politica-de-cookies\/#breadcrumb"},"inLanguage":"en-GB","potentialAction":[{"@type":"ReadAction","target":["https:\/\/reflexosdalma.com\/politica-de-cookies\/"]}]},{"@type":"BreadcrumbList","@id":"https:\/\/reflexosdalma.com\/politica-de-cookies\/#breadcrumb","itemListElement":[{"@type":"ListItem","position":1,"name":"Home","item":"https:\/\/reflexosdalma.com\/"},{"@type":"ListItem","position":2,"name":"Pol\u00edtica de Cookies"}]},{"@type":"WebSite","@id":"https:\/\/reflexosdalma.com\/#website","url":"https:\/\/reflexosdalma.com\/","name":"Reflexos d'Alma","description":"turismo-rural","publisher":{"@id":"https:\/\/reflexosdalma.com\/#organization"},"potentialAction":[{"@type":"SearchAction","target":{"@type":"EntryPoint","urlTemplate":"https:\/\/reflexosdalma.com\/?s={search_term_string}"},"query-input":{"@type":"PropertyValueSpecification","valueRequired":true,"valueName":"search_term_string"}}],"inLanguage":"en-GB"},{"@type":"Organization","@id":"https:\/\/reflexosdalma.com\/#organization","name":"Reflexos d'Alma Lda.","url":"https:\/\/reflexosdalma.com\/","logo":{"@type":"ImageObject","inLanguage":"en-GB","@id":"https:\/\/reflexosdalma.com\/#\/schema\/logo\/image\/","url":"https:\/\/reflexosdalma.com\/wp-content\/uploads\/2022\/07\/cropped-logo.png","contentUrl":"https:\/\/reflexosdalma.com\/wp-content\/uploads\/2022\/07\/cropped-logo.png","width":390,"height":107,"caption":"Reflexos d'Alma Lda."},"image":{"@id":"https:\/\/reflexosdalma.com\/#\/schema\/logo\/image\/"},"sameAs":["https:\/\/www.facebook.com\/reflexosdalmaturismo"]}]}},"_links":{"self":[{"href":"https:\/\/reflexosdalma.com\/en\/wp-json\/wp\/v2\/pages\/453","targetHints":{"allow":["GET"]}}],"collection":[{"href":"https:\/\/reflexosdalma.com\/en\/wp-json\/wp\/v2\/pages"}],"about":[{"href":"https:\/\/reflexosdalma.com\/en\/wp-json\/wp\/v2\/types\/page"}],"author":[{"embeddable":true,"href":"https:\/\/reflexosdalma.com\/en\/wp-json\/wp\/v2\/users\/2"}],"replies":[{"embeddable":true,"href":"https:\/\/reflexosdalma.com\/en\/wp-json\/wp\/v2\/comments?post=453"}],"version-history":[{"count":16,"href":"https:\/\/reflexosdalma.com\/en\/wp-json\/wp\/v2\/pages\/453\/revisions"}],"predecessor-version":[{"id":1190,"href":"https:\/\/reflexosdalma.com\/en\/wp-json\/wp\/v2\/pages\/453\/revisions\/1190"}],"wp:attachment":[{"href":"https:\/\/reflexosdalma.com\/en\/wp-json\/wp\/v2\/media?parent=453"}],"curies":[{"name":"wp","href":"https:\/\/api.w.org\/{rel}","templated":true}]}}